{"id":12098,"date":"2022-03-06T22:05:04","date_gmt":"2022-03-06T14:05:04","guid":{"rendered":"https:\/\/www.dog-gmbh.de\/sitemap\/"},"modified":"2023-04-07T19:14:49","modified_gmt":"2023-04-07T11:14:49","slug":"sitemap","status":"publish","type":"page","link":"https:\/\/www.dog-gmbh.de\/en\/sitemap\/","title":{"rendered":"Sitemap"},"content":{"rendered":"\t\t<div data-elementor-type=\"wp-page\" data-elementor-id=\"12098\" class=\"elementor elementor-12098 elementor-12039\" data-elementor-post-type=\"page\">\n\t\t\t\t\t\t<section data-particle_enable=\"false\" data-particle-mobile-disabled=\"false\" class=\"elementor-section elementor-top-section elementor-element elementor-element-f71b273 elementor-section-full_width opener home berry-white elementor-section-content-top elementor-section-height-default elementor-section-height-default\" data-id=\"f71b273\" data-element_type=\"section\" data-e-type=\"section\">\n\t\t\t\t\t\t<div class=\"elementor-container elementor-column-gap-default\">\n\t\t\t\t\t<div class=\"elementor-column elementor-col-50 elementor-top-column elementor-element elementor-element-bf3f2df content-full-height\" data-id=\"bf3f2df\" data-element_type=\"column\" data-e-type=\"column\" data-settings=\"{&quot;background_background&quot;:&quot;classic&quot;}\">\n\t\t\t<div class=\"elementor-widget-wrap elementor-element-populated\">\n\t\t\t\t\t\t<div class=\"elementor-element elementor-element-5285283 elementor-widget elementor-widget-image\" data-id=\"5285283\" data-element_type=\"widget\" data-e-type=\"widget\" data-widget_type=\"image.default\">\n\t\t\t\t<div class=\"elementor-widget-container\">\n\t\t\t\t\t\t\t\t\t\t\t\t\t\t\t<img fetchpriority=\"high\" decoding=\"async\" width=\"960\" height=\"580\" src=\"https:\/\/www.dog-gmbh.de\/wp-content\/uploads\/2022\/09\/uebersetzungsbuero-dog-gmbh.jpg\" class=\"attachment-full size-full wp-image-28122\" alt=\"\u00dcbersetzungsb\u00fcro f\u00fcr Fach\u00fcbersetzungen\" srcset=\"https:\/\/www.dog-gmbh.de\/wp-content\/uploads\/2022\/09\/uebersetzungsbuero-dog-gmbh.jpg 960w, https:\/\/www.dog-gmbh.de\/wp-content\/uploads\/2022\/09\/uebersetzungsbuero-dog-gmbh-300x181.jpg 300w, https:\/\/www.dog-gmbh.de\/wp-content\/uploads\/2022\/09\/uebersetzungsbuero-dog-gmbh-768x464.jpg 768w\" sizes=\"(max-width: 960px) 100vw, 960px\" \/>\t\t\t\t\t\t\t\t\t\t\t\t\t\t\t<\/div>\n\t\t\t\t<\/div>\n\t\t\t\t\t<\/div>\n\t\t<\/div>\n\t\t\t\t<div class=\"elementor-column elementor-col-50 elementor-top-column elementor-element elementor-element-3ec549a bracket box-inner\" data-id=\"3ec549a\" data-element_type=\"column\" data-e-type=\"column\" data-settings=\"{&quot;background_background&quot;:&quot;classic&quot;}\">\n\t\t\t<div class=\"elementor-widget-wrap elementor-element-populated\">\n\t\t\t\t\t<div class=\"elementor-background-overlay\"><\/div>\n\t\t\t\t\t\t<div class=\"elementor-element elementor-element-2b7a3b3 head-2 elementor-widget elementor-widget-heading\" data-id=\"2b7a3b3\" data-element_type=\"widget\" data-e-type=\"widget\" data-widget_type=\"heading.default\">\n\t\t\t\t<div class=\"elementor-widget-container\">\n\t\t\t\t\t<h1 class=\"elementor-heading-title elementor-size-default\">Sitemap<\/h1>\t\t\t\t<\/div>\n\t\t\t\t<\/div>\n\t\t\t\t\t<\/div>\n\t\t<\/div>\n\t\t\t\t\t<\/div>\n\t\t<\/section>\n\t\t\t\t<section data-particle_enable=\"false\" data-particle-mobile-disabled=\"false\" class=\"elementor-section elementor-top-section elementor-element elementor-element-05ac585 elementor-section-boxed elementor-section-height-default elementor-section-height-default\" data-id=\"05ac585\" data-element_type=\"section\" data-e-type=\"section\">\n\t\t\t\t\t\t<div class=\"elementor-container elementor-column-gap-default\">\n\t\t\t\t\t<div class=\"elementor-column elementor-col-100 elementor-top-column elementor-element elementor-element-c21582f\" data-id=\"c21582f\" data-element_type=\"column\" data-e-type=\"column\">\n\t\t\t<div class=\"elementor-widget-wrap elementor-element-populated\">\n\t\t\t\t\t\t<div class=\"elementor-element elementor-element-1b0071b elementor-widget elementor-widget-breadcrumbs\" data-id=\"1b0071b\" data-element_type=\"widget\" data-e-type=\"widget\" data-widget_type=\"breadcrumbs.default\">\n\t\t\t\t<div class=\"elementor-widget-container\">\n\t\t\t\t\t<p id=\"breadcrumbs\"><span><span><a href=\"https:\/\/www.dog-gmbh.de\/en\/\">Home<\/a><\/span><\/span><\/p>\t\t\t\t<\/div>\n\t\t\t\t<\/div>\n\t\t\t\t\t<\/div>\n\t\t<\/div>\n\t\t\t\t\t<\/div>\n\t\t<\/section>\n\t\t\t\t<section data-particle_enable=\"false\" data-particle-mobile-disabled=\"false\" class=\"elementor-section elementor-top-section elementor-element elementor-element-fd91684 elementor-section-boxed elementor-section-height-default elementor-section-height-default\" data-id=\"fd91684\" data-element_type=\"section\" data-e-type=\"section\">\n\t\t\t\t\t\t<div class=\"elementor-container elementor-column-gap-default\">\n\t\t\t\t\t<div class=\"elementor-column elementor-col-100 elementor-top-column elementor-element elementor-element-6bf3191\" data-id=\"6bf3191\" data-element_type=\"column\" data-e-type=\"column\">\n\t\t\t<div class=\"elementor-widget-wrap elementor-element-populated\">\n\t\t\t\t\t\t<div class=\"elementor-element elementor-element-ac1aca8 elementor-widget elementor-widget-heading\" data-id=\"ac1aca8\" data-element_type=\"widget\" data-e-type=\"widget\" data-widget_type=\"heading.default\">\n\t\t\t\t<div class=\"elementor-widget-container\">\n\t\t\t\t\t<h2 class=\"elementor-heading-title elementor-size-default\">Sitemap<\/h2>\t\t\t\t<\/div>\n\t\t\t\t<\/div>\n\t\t\t\t<div class=\"elementor-element elementor-element-9c78c01 elementor-widget elementor-widget-text-editor\" data-id=\"9c78c01\" data-element_type=\"widget\" data-e-type=\"widget\" data-widget_type=\"text-editor.default\">\n\t\t\t\t<div class=\"elementor-widget-container\">\n\t\t\t\t\t\t\t\t\t<ul>\n \t<li><a title=\"Home\" href=\"https:\/\/www.dog-gmbh.de\/en\/\">Home<\/a><\/li>\n \t<li><a href=\"https:\/\/www.dog-gmbh.de\/en\/express-translations\/\">SERVICES<\/a>\n<ul>\n \t<li><a href=\"#\">SERVICES<\/a>\n<ul>\n \t<li><a href=\"https:\/\/www.dog-gmbh.de\/en\/express-translations\/\">Express translations<\/a><\/li>\n \t<li><a href=\"https:\/\/www.dog-gmbh.de\/en\/machine-translation\/\">Machine translation<\/a><\/li>\n \t<li><a href=\"https:\/\/www.dog-gmbh.de\/en\/software-localization\/\">Software localization<\/a><\/li>\n \t<li><a href=\"https:\/\/www.dog-gmbh.de\/en\/certifications\/\">Certifications<\/a><\/li>\n \t<li><a href=\"https:\/\/www.dog-gmbh.de\/en\/services\/specialist-translations\/video-subtitles\/\">Video Subtitles<\/a><\/li>\n \t<li><a href=\"https:\/\/www.dog-gmbh.de\/en\/terminology-management\/\">Terminology Management<\/a><\/li>\n \t<li><a href=\"https:\/\/www.dog-gmbh.de\/en\/translation-memory-cleanup\/\">Translation Memory Cleanup<\/a><\/li>\n \t<li><a href=\"https:\/\/www.dog-gmbh.de\/en\/consulting\/\">Consulting<\/a><\/li>\n<\/ul>\n<\/li>\n<\/ul>\n<ul>\n \t<li><a href=\"#\">SPECIALIZATION<\/a>\n<ul>\n \t<li><a href=\"https:\/\/www.dog-gmbh.de\/en\/technical-translation\/\">Technical translation<\/a><\/li>\n \t<li><a href=\"https:\/\/www.dog-gmbh.de\/en\/website-translation\/\">Website translation<\/a><\/li>\n \t<li><a href=\"https:\/\/www.dog-gmbh.de\/en\/translate-webshops\/\">Translate webshops<\/a><\/li>\n \t<li><a href=\"https:\/\/www.dog-gmbh.de\/en\/patent-translations\/\">Patent translations<\/a><\/li>\n \t<li><a href=\"https:\/\/www.dog-gmbh.de\/en\/asia-competence-center\/\">Asia Competence Center<\/a><\/li>\n<\/ul>\n<\/li>\n<\/ul>\n<ul>\n \t<li><a href=\"#\">TECHNOLOGIES<\/a>\n<ul>\n \t<li><a href=\"https:\/\/www.dog-gmbh.de\/en\/technologies-used\/across\/\">Across<\/a><\/li>\n \t<li><a href=\"https:\/\/www.dog-gmbh.de\/en\/technologies-used\/trados-studio\/\">Trados Studio<\/a><\/li>\n \t<li><a href=\"https:\/\/www.dog-gmbh.de\/en\/technologies-used\/customer-portal\/\">Customer portal<\/a><\/li>\n \t<li><a href=\"https:\/\/www.dog-gmbh.de\/en\/technologies-used\/terminology-management-with-lookup\/\">Terminology management with LookUp<\/a><\/li>\n \t<li><a href=\"https:\/\/www.dog-gmbh.de\/en\/technologies-used\/quality-assurance-with-errorspy\/\">Quality assurance with ErrorSpy<\/a><\/li>\n<\/li>\n<\/ul>\n<\/li>\n<\/ul>\n<ul>\n \t<li><a href=\"#\">QUALITY<\/a>\n<ul>\n \t<li><a href=\"https:\/\/www.dog-gmbh.de\/en\/quality\/translation-quality\/\">Translation quality<\/a><\/li>\n \t<li><a href=\"https:\/\/www.dog-gmbh.de\/en\/quality\/revision-according-to-iso-17100\/\">Revision according to ISO 17100<\/a><\/li>\n \t<li><a href=\"https:\/\/www.dog-gmbh.de\/en\/quality\/quality-assurance-during-post-editing\/\">Quality assurance during post-editing<\/a><\/li>\n<\/ul>\n<\/li>\n<\/ul>\n<\/li>\n \t<li><a href=\"https:\/\/www.dog-gmbh.de\/en\/industries\/\">INDUSTRIES<\/a>\n<ul>\n \t<li><a href=\"h#\">INDUSTRIES<\/a>\n<ul>\n \t<li><a href=\"https:\/\/www.dog-gmbh.de\/en\/industries\/agriculture-and-farming\/\">Agriculture \u2013 and farming<\/a><\/li>\n \t<li><a href=\"https:\/\/www.dog-gmbh.de\/en\/industries\/architecture-and-construction\/\">Architecture and construction<\/a><\/li>\n \t<li><a href=\"https:\/\/www.dog-gmbh.de\/en\/industries\/automotive-industry\/\">Automotive industry<\/a><\/li>\n \t<li><a href=\"https:\/\/www.dog-gmbh.de\/en\/industries\/banks-finance-and-insurances\/\">Banks, finance and insurances<\/a><\/li>\n \t<li><a href=\"https:\/\/www.dog-gmbh.de\/en\/industries\/education\/\">Education<\/a><\/li>\n \t<li><a href=\"https:\/\/www.dog-gmbh.de\/en\/industries\/electrical-engineering-and-electronics-industry\/\">Electrical engineering and electronics industry<\/a><\/li>\n \t<li><a href=\"https:\/\/www.dog-gmbh.de\/en\/industries\/chemical-industry\/\">Chemical industry<\/a><\/li>\n \t<li><a href=\"https:\/\/www.dog-gmbh.de\/en\/industries\/healthcare\/\">Healthcare<\/a><\/li>\n \t<li><a href=\"https:\/\/www.dog-gmbh.de\/en\/industries\/mechanical-and-plant-engineering\/\">Mechanical and plant engineering<\/a><\/li>\n \t<li><a href=\"https:\/\/www.dog-gmbh.de\/en\/industries\/travel-and-tourism\/\">Travel and tourism<\/a><\/li>\n \t<li><a href=\"https:\/\/www.dog-gmbh.de\/en\/industries\/medicine-medical-technology-and-pharmaceuticals\/\">Medicine, medical technology and pharmaceuticals<\/a><\/li>\n \t<li><a href=\"https:\/\/www.dog-gmbh.de\/en\/industries\/software-and-information-technology\/\">Software and information technology<\/a><\/li>\n \t<li><a href=\"https:\/\/www.dog-gmbh.de\/en\/industries\/transport-and-logistics\/\">Transport and logistics<\/a><\/li>\n<\/ul>\n<\/li>\n<\/ul>\n<\/li>\n \t<li><a href=\"https:\/\/www.dog-gmbh.de\/en\/references\/\">REFERENCES<\/a><\/li>\n \t<li><a href=\"https:\/\/www.dog-gmbh.de\/en\/about-us\/\">ABOUT US<\/a>\n<ul>\n \t<li><a href=\"https:\/\/www.dog-gmbh.de\/en\/about-us\/code-of-conduct\/\">CODE OF CONDUCT<\/a><\/li>\n<\/ul>\n<\/li>\n \t<li><a href=\"https:\/\/www.dog-gmbh.de\/en\/languages\/\">Languages<\/a><\/li>\n \t<li><a href=\"https:\/\/www.dog-gmbh.de\/en\/about-us\/further-education-and-advanced-training\/\">Trainings<\/a><\/li>\n \t<li><a href=\"https:\/\/www.dog-gmbh.de\/en\/gtc\/\">GTC<\/a><\/li>\n \t<li><a href=\"https:\/\/www.dog-gmbh.de\/en\/privacy-policy\/\">Privacy Policy<\/a><\/li>\n \t<li><a href=\"https:\/\/www.dog-gmbh.de\/en\/sitemap\/\">Sitemap<\/a><\/li>\n \t<li><a href=\"https:\/\/www.dog-gmbh.de\/en\/about-us\/code-of-conduct\/\">Code of Conduct<\/a><\/li>\n \t<li><a href=\"https:\/\/www.dog-gmbh.de\/en\/legal-notice\/\">Legal notice<\/a><\/li>\n<\/ul>\t\t\t\t\t\t\t\t<\/div>\n\t\t\t\t<\/div>\n\t\t\t\t\t<\/div>\n\t\t<\/div>\n\t\t\t\t\t<\/div>\n\t\t<\/section>\n\t\t\t\t<\/div>\n\t\t","protected":false},"excerpt":{"rendered":"<p>Sitemap Sitemap Home SERVICES SERVICES Express translations Machine translation Software localization Certifications Video Subtitles Terminology Management Translation Memory Cleanup Consulting SPECIALIZATION Technical translation Website translation Translate webshops Patent translations Asia Competence Center TECHNOLOGIES Across Trados Studio Customer portal Terminology management with LookUp Quality assurance with ErrorSpy QUALITY Translation quality Revision according to ISO 17100 Quality [&hellip;]<\/p>\n","protected":false},"author":2,"featured_media":0,"parent":0,"menu_order":0,"comment_status":"closed","ping_status":"closed","template":"","meta":{"_acf_changed":false,"inline_featured_image":false,"site-sidebar-layout":"no-sidebar","site-content-layout":"page-builder","ast-site-content-layout":"default","site-content-style":"default","site-sidebar-style":"default","ast-global-header-display":"","ast-banner-title-visibility":"","ast-main-header-display":"","ast-hfb-above-header-display":"","ast-hfb-below-header-display":"","ast-hfb-mobile-header-display":"","site-post-title":"disabled","ast-breadcrumbs-content":"","ast-featured-img":"disabled","footer-sml-layout":"","ast-disable-related-posts":"","theme-transparent-header-meta":"default","adv-header-id-meta":"","stick-header-meta":"default","header-above-stick-meta":"","header-main-stick-meta":"","header-below-stick-meta":"","astra-migrate-meta-layouts":"default","ast-page-background-enabled":"default","ast-page-background-meta":{"desktop":{"background-color":"var(--ast-global-color-4)","background-image":"","background-repeat":"repeat","background-position":"center center","background-size":"auto","background-attachment":"scroll","background-type":"","background-media":"","overlay-type":"","overlay-color":"","overlay-opacity":"","overlay-gradient":""},"tablet":{"background-color":"","background-image":"","background-repeat":"repeat","background-position":"center center","background-size":"auto","background-attachment":"scroll","background-type":"","background-media":"","overlay-type":"","overlay-color":"","overlay-opacity":"","overlay-gradient":""},"mobile":{"background-color":"","background-image":"","background-repeat":"repeat","background-position":"center center","background-size":"auto","background-attachment":"scroll","background-type":"","background-media":"","overlay-type":"","overlay-color":"","overlay-opacity":"","overlay-gradient":""}},"ast-content-background-meta":{"desktop":{"background-color":"var(--ast-global-color-5)","background-image":"","background-repeat":"repeat","background-position":"center center","background-size":"auto","background-attachment":"scroll","background-type":"","background-media":"","overlay-type":"","overlay-color":"","overlay-opacity":"","overlay-gradient":""},"tablet":{"background-color":"var(--ast-global-color-5)","background-image":"","background-repeat":"repeat","background-position":"center center","background-size":"auto","background-attachment":"scroll","background-type":"","background-media":"","overlay-type":"","overlay-color":"","overlay-opacity":"","overlay-gradient":""},"mobile":{"background-color":"var(--ast-global-color-5)","background-image":"","background-repeat":"repeat","background-position":"center center","background-size":"auto","background-attachment":"scroll","background-type":"","background-media":"","overlay-type":"","overlay-color":"","overlay-opacity":"","overlay-gradient":""}},"_mc_calendar":[],"footnotes":""},"class_list":["post-12098","page","type-page","status-publish","hentry"],"acf":[],"yoast_head":"<!-- This site is optimized with the Yoast SEO Premium plugin v27.0 (Yoast SEO v27.5) - https:\/\/yoast.com\/product\/yoast-seo-premium-wordpress\/ -->\n<title>Sitemap &#8212; D.O.G. GmbH<\/title>\n<meta name=\"robots\" content=\"index, follow, max-snippet:-1, max-image-preview:large, max-video-preview:-1\" \/>\n<link rel=\"canonical\" href=\"https:\/\/www.dog-gmbh.de\/en\/sitemap\/\" \/>\n<meta property=\"og:locale\" content=\"en_US\" \/>\n<meta property=\"og:type\" content=\"article\" \/>\n<meta property=\"og:title\" content=\"Sitemap\" \/>\n<meta property=\"og:description\" content=\"Sitemap Sitemap Home SERVICES SERVICES Express translations Machine translation Software localization Certifications Video Subtitles Terminology Management Translation Memory Cleanup Consulting SPECIALIZATION Technical translation Website translation Translate webshops Patent translations Asia Competence Center TECHNOLOGIES Across Trados Studio Customer portal Terminology management with LookUp Quality assurance with ErrorSpy QUALITY Translation quality Revision according to ISO 17100 Quality [&hellip;]\" \/>\n<meta property=\"og:url\" content=\"https:\/\/www.dog-gmbh.de\/en\/sitemap\/\" \/>\n<meta property=\"og:site_name\" content=\"D.O.G. GmbH\" \/>\n<meta property=\"article:modified_time\" content=\"2023-04-07T11:14:49+00:00\" \/>\n<meta property=\"og:image\" content=\"https:\/\/www.dog-gmbh.de\/wp-content\/uploads\/2022\/09\/uebersetzungsbuero-dog-gmbh.jpg\" \/>\n<meta name=\"twitter:card\" content=\"summary_large_image\" \/>\n<meta name=\"twitter:site\" content=\"@doggmbh\" \/>\n<meta name=\"twitter:label1\" content=\"Est. reading time\" \/>\n\t<meta name=\"twitter:data1\" content=\"1 minute\" \/>\n<script type=\"application\/ld+json\" class=\"yoast-schema-graph\">{\"@context\":\"https:\\\/\\\/schema.org\",\"@graph\":[{\"@type\":\"WebPage\",\"@id\":\"https:\\\/\\\/www.dog-gmbh.de\\\/en\\\/sitemap\\\/\",\"url\":\"https:\\\/\\\/www.dog-gmbh.de\\\/en\\\/sitemap\\\/\",\"name\":\"Sitemap &#8212; D.O.G. GmbH\",\"isPartOf\":{\"@id\":\"https:\\\/\\\/www.dog-gmbh.de\\\/en\\\/#website\"},\"primaryImageOfPage\":{\"@id\":\"https:\\\/\\\/www.dog-gmbh.de\\\/en\\\/sitemap\\\/#primaryimage\"},\"image\":{\"@id\":\"https:\\\/\\\/www.dog-gmbh.de\\\/en\\\/sitemap\\\/#primaryimage\"},\"thumbnailUrl\":\"https:\\\/\\\/www.dog-gmbh.de\\\/wp-content\\\/uploads\\\/2022\\\/09\\\/uebersetzungsbuero-dog-gmbh.jpg\",\"datePublished\":\"2022-03-06T14:05:04+00:00\",\"dateModified\":\"2023-04-07T11:14:49+00:00\",\"breadcrumb\":{\"@id\":\"https:\\\/\\\/www.dog-gmbh.de\\\/en\\\/sitemap\\\/#breadcrumb\"},\"inLanguage\":\"en-US\",\"potentialAction\":[{\"@type\":\"ReadAction\",\"target\":[\"https:\\\/\\\/www.dog-gmbh.de\\\/en\\\/sitemap\\\/\"]}]},{\"@type\":\"ImageObject\",\"inLanguage\":\"en-US\",\"@id\":\"https:\\\/\\\/www.dog-gmbh.de\\\/en\\\/sitemap\\\/#primaryimage\",\"url\":\"https:\\\/\\\/www.dog-gmbh.de\\\/wp-content\\\/uploads\\\/2022\\\/09\\\/uebersetzungsbuero-dog-gmbh.jpg\",\"contentUrl\":\"https:\\\/\\\/www.dog-gmbh.de\\\/wp-content\\\/uploads\\\/2022\\\/09\\\/uebersetzungsbuero-dog-gmbh.jpg\"},{\"@type\":\"BreadcrumbList\",\"@id\":\"https:\\\/\\\/www.dog-gmbh.de\\\/en\\\/sitemap\\\/#breadcrumb\",\"itemListElement\":[{\"@type\":\"ListItem\",\"position\":1,\"name\":\"Home\",\"item\":\"https:\\\/\\\/www.dog-gmbh.de\\\/en\\\/\"},{\"@type\":\"ListItem\",\"position\":2,\"name\":\"Sitemap\"}]},{\"@type\":\"WebSite\",\"@id\":\"https:\\\/\\\/www.dog-gmbh.de\\\/en\\\/#website\",\"url\":\"https:\\\/\\\/www.dog-gmbh.de\\\/en\\\/\",\"name\":\"D.O.G. GmbH\",\"description\":\"GmbH\",\"publisher\":{\"@id\":\"https:\\\/\\\/www.dog-gmbh.de\\\/en\\\/#organization\"},\"alternateName\":\"D.O.G. Dokumentation ohne Grenzen GmbH\",\"potentialAction\":[{\"@type\":\"SearchAction\",\"target\":{\"@type\":\"EntryPoint\",\"urlTemplate\":\"https:\\\/\\\/www.dog-gmbh.de\\\/en\\\/?s={search_term_string}\"},\"query-input\":{\"@type\":\"PropertyValueSpecification\",\"valueRequired\":true,\"valueName\":\"search_term_string\"}}],\"inLanguage\":\"en-US\"},{\"@type\":\"Organization\",\"@id\":\"https:\\\/\\\/www.dog-gmbh.de\\\/en\\\/#organization\",\"name\":\"D.O.G. Dokumentation ohne Grenzen GmbH\",\"url\":\"https:\\\/\\\/www.dog-gmbh.de\\\/en\\\/\",\"logo\":{\"@type\":\"ImageObject\",\"inLanguage\":\"en-US\",\"@id\":\"https:\\\/\\\/www.dog-gmbh.de\\\/en\\\/#\\\/schema\\\/logo\\\/image\\\/\",\"url\":\"https:\\\/\\\/www.dog-gmbh.de\\\/wp-content\\\/uploads\\\/2022\\\/05\\\/4-Unbenannt-2.png\",\"contentUrl\":\"https:\\\/\\\/www.dog-gmbh.de\\\/wp-content\\\/uploads\\\/2022\\\/05\\\/4-Unbenannt-2.png\",\"width\":1022,\"height\":585,\"caption\":\"D.O.G. Dokumentation ohne Grenzen GmbH\"},\"image\":{\"@id\":\"https:\\\/\\\/www.dog-gmbh.de\\\/en\\\/#\\\/schema\\\/logo\\\/image\\\/\"},\"sameAs\":[\"https:\\\/\\\/x.com\\\/doggmbh\",\"https:\\\/\\\/de.linkedin.com\\\/company\\\/d-o-g-dokumentation-ohne-grenzen-gmbh\",\"https:\\\/\\\/www.youtube.com\\\/channel\\\/UCQpklyKMDiALtZdyco8oN8g\"],\"ethicsPolicy\":\"https:\\\/\\\/www.dog-gmbh.de\\\/ueber-uns-neu\\\/\"}]}<\/script>\n<!-- \/ Yoast SEO Premium plugin. -->","yoast_head_json":{"title":"Sitemap &#8212; D.O.G. GmbH","robots":{"index":"index","follow":"follow","max-snippet":"max-snippet:-1","max-image-preview":"max-image-preview:large","max-video-preview":"max-video-preview:-1"},"canonical":"https:\/\/www.dog-gmbh.de\/en\/sitemap\/","og_locale":"en_US","og_type":"article","og_title":"Sitemap","og_description":"Sitemap Sitemap Home SERVICES SERVICES Express translations Machine translation Software localization Certifications Video Subtitles Terminology Management Translation Memory Cleanup Consulting SPECIALIZATION Technical translation Website translation Translate webshops Patent translations Asia Competence Center TECHNOLOGIES Across Trados Studio Customer portal Terminology management with LookUp Quality assurance with ErrorSpy QUALITY Translation quality Revision according to ISO 17100 Quality [&hellip;]","og_url":"https:\/\/www.dog-gmbh.de\/en\/sitemap\/","og_site_name":"D.O.G. GmbH","article_modified_time":"2023-04-07T11:14:49+00:00","og_image":[{"url":"https:\/\/www.dog-gmbh.de\/wp-content\/uploads\/2022\/09\/uebersetzungsbuero-dog-gmbh.jpg","type":"","width":"","height":""}],"twitter_card":"summary_large_image","twitter_site":"@doggmbh","twitter_misc":{"Est. reading time":"1 minute"},"schema":{"@context":"https:\/\/schema.org","@graph":[{"@type":"WebPage","@id":"https:\/\/www.dog-gmbh.de\/en\/sitemap\/","url":"https:\/\/www.dog-gmbh.de\/en\/sitemap\/","name":"Sitemap &#8212; D.O.G. GmbH","isPartOf":{"@id":"https:\/\/www.dog-gmbh.de\/en\/#website"},"primaryImageOfPage":{"@id":"https:\/\/www.dog-gmbh.de\/en\/sitemap\/#primaryimage"},"image":{"@id":"https:\/\/www.dog-gmbh.de\/en\/sitemap\/#primaryimage"},"thumbnailUrl":"https:\/\/www.dog-gmbh.de\/wp-content\/uploads\/2022\/09\/uebersetzungsbuero-dog-gmbh.jpg","datePublished":"2022-03-06T14:05:04+00:00","dateModified":"2023-04-07T11:14:49+00:00","breadcrumb":{"@id":"https:\/\/www.dog-gmbh.de\/en\/sitemap\/#breadcrumb"},"inLanguage":"en-US","potentialAction":[{"@type":"ReadAction","target":["https:\/\/www.dog-gmbh.de\/en\/sitemap\/"]}]},{"@type":"ImageObject","inLanguage":"en-US","@id":"https:\/\/www.dog-gmbh.de\/en\/sitemap\/#primaryimage","url":"https:\/\/www.dog-gmbh.de\/wp-content\/uploads\/2022\/09\/uebersetzungsbuero-dog-gmbh.jpg","contentUrl":"https:\/\/www.dog-gmbh.de\/wp-content\/uploads\/2022\/09\/uebersetzungsbuero-dog-gmbh.jpg"},{"@type":"BreadcrumbList","@id":"https:\/\/www.dog-gmbh.de\/en\/sitemap\/#breadcrumb","itemListElement":[{"@type":"ListItem","position":1,"name":"Home","item":"https:\/\/www.dog-gmbh.de\/en\/"},{"@type":"ListItem","position":2,"name":"Sitemap"}]},{"@type":"WebSite","@id":"https:\/\/www.dog-gmbh.de\/en\/#website","url":"https:\/\/www.dog-gmbh.de\/en\/","name":"D.O.G. GmbH","description":"GmbH","publisher":{"@id":"https:\/\/www.dog-gmbh.de\/en\/#organization"},"alternateName":"D.O.G. Dokumentation ohne Grenzen GmbH","potentialAction":[{"@type":"SearchAction","target":{"@type":"EntryPoint","urlTemplate":"https:\/\/www.dog-gmbh.de\/en\/?s={search_term_string}"},"query-input":{"@type":"PropertyValueSpecification","valueRequired":true,"valueName":"search_term_string"}}],"inLanguage":"en-US"},{"@type":"Organization","@id":"https:\/\/www.dog-gmbh.de\/en\/#organization","name":"D.O.G. Dokumentation ohne Grenzen GmbH","url":"https:\/\/www.dog-gmbh.de\/en\/","logo":{"@type":"ImageObject","inLanguage":"en-US","@id":"https:\/\/www.dog-gmbh.de\/en\/#\/schema\/logo\/image\/","url":"https:\/\/www.dog-gmbh.de\/wp-content\/uploads\/2022\/05\/4-Unbenannt-2.png","contentUrl":"https:\/\/www.dog-gmbh.de\/wp-content\/uploads\/2022\/05\/4-Unbenannt-2.png","width":1022,"height":585,"caption":"D.O.G. Dokumentation ohne Grenzen GmbH"},"image":{"@id":"https:\/\/www.dog-gmbh.de\/en\/#\/schema\/logo\/image\/"},"sameAs":["https:\/\/x.com\/doggmbh","https:\/\/de.linkedin.com\/company\/d-o-g-dokumentation-ohne-grenzen-gmbh","https:\/\/www.youtube.com\/channel\/UCQpklyKMDiALtZdyco8oN8g"],"ethicsPolicy":"https:\/\/www.dog-gmbh.de\/ueber-uns-neu\/"}]}},"_links":{"self":[{"href":"https:\/\/www.dog-gmbh.de\/en\/wp-json\/wp\/v2\/pages\/12098","targetHints":{"allow":["GET"]}}],"collection":[{"href":"https:\/\/www.dog-gmbh.de\/en\/wp-json\/wp\/v2\/pages"}],"about":[{"href":"https:\/\/www.dog-gmbh.de\/en\/wp-json\/wp\/v2\/types\/page"}],"author":[{"embeddable":true,"href":"https:\/\/www.dog-gmbh.de\/en\/wp-json\/wp\/v2\/users\/2"}],"replies":[{"embeddable":true,"href":"https:\/\/www.dog-gmbh.de\/en\/wp-json\/wp\/v2\/comments?post=12098"}],"version-history":[{"count":41,"href":"https:\/\/www.dog-gmbh.de\/en\/wp-json\/wp\/v2\/pages\/12098\/revisions"}],"predecessor-version":[{"id":59473,"href":"https:\/\/www.dog-gmbh.de\/en\/wp-json\/wp\/v2\/pages\/12098\/revisions\/59473"}],"wp:attachment":[{"href":"https:\/\/www.dog-gmbh.de\/en\/wp-json\/wp\/v2\/media?parent=12098"}],"curies":[{"name":"wp","href":"https:\/\/api.w.org\/{rel}","templated":true}]}}